{"id":534,"date":"2023-05-07T14:18:24","date_gmt":"2023-05-07T12:18:24","guid":{"rendered":"https:\/\/socia-consulting.fr\/?page_id=534"},"modified":"2023-05-07T23:54:16","modified_gmt":"2023-05-07T21:54:16","slug":"qui-sommes-nous-2","status":"publish","type":"page","link":"https:\/\/socia-consulting.fr\/?page_id=534","title":{"rendered":"QUI SOMMES-NOUS"},"content":{"rendered":"<blockquote>\n<h4 class=\"hero__title\" style=\"text-align: center;\">Nous vous <em>aidons<\/em> \u00e0 propulser votre entreprise gr\u00e2ce \u00e0 vos donn\u00e9es !<\/h4>\n<\/blockquote>\n<p>Cabinet d\u2019experts en exploitation des donn\u00e9es, nous intervenons \u00e0 des moments cl\u00e9s de votre digitalisation, sur des projets innovants, disruptifs et cr\u00e9teurs de forte valeur ajout\u00e9e.<br \/>Nos interventions sont expertes, rapides, cibl\u00e9es et au forfait<\/p>\n<h3 class=\"ps-block__title\" style=\"text-align: center;\">\u00a0<\/h3>\n<figure class=\"wp-caption alignleft\"><figcaption class=\"wp-caption-text\"><\/figcaption><\/figure>\n<figure class=\"wp-caption alignleft\"><figcaption class=\"wp-caption-text\"><\/figcaption><\/figure>\n<h4>\u00a0<\/h4>\n<h4 class=\"ps-block__title\" style=\"text-align: left;\">Un seul objectif : vous accompagner<\/h4>\n<section class=\"ps-block ps-block--paragraph js-in-view is-animated in-view\" data-scrollama-index=\"3\">\n<div class=\"ps-block__container\">\n<div class=\"ps-block__grid\">\n<div class=\"ps-block__content\">\n<div class=\"ps-block__body\">\n<div class=\"ps-block__item\">\n<p><strong>Booster la performance de votre entreprise par la data !<\/strong> Voil\u00e0 ce qui nous motive.<\/p>\n<p>Nos consultants ne sont pas de simples consultants, ce sont des consultants issus du secteur de m\u00e9dico-social : d\u00e9veloppeurs pluridisciplinaires, experts m\u00e9tier, technique, informatique et math\u00e9matique.<\/p>\n<p>Avec un seul et m\u00eame objectif : booster la performance de votre soci\u00e9t\u00e9 gr\u00e2ce aux donn\u00e9es !Vous <strong>accompagner \u00e0 chaque \u00e9tape de votre projet et vous aider \u00e0 devenir une organisation orient\u00e9e data<\/strong> (ou data-driven) est notre source de motivation au quotidien !<\/p>\n<p><span style=\"font-size: revert; color: initial;\">Chez SOCIA-Consulting, vous trouverez une \u00e9quipe de consultants, <\/span><strong style=\"font-size: revert; color: initial;\">multi-potentiels, capables de comprendre vos enjeux m\u00e9tier, de faire le lien entre vos \u00e9quipes op\u00e9rationnelles et la direction informatique et de vous aider \u00e0 structurer, analyser et d\u00e9cortiquer vos donn\u00e9es !<\/strong><span style=\"font-size: revert; color: initial;\">\u00a0Et ceci au profit de votre organisation, afin de vous aider \u00e0 mieux piloter votre activit\u00e9 et d\u00e9cupler votre performance.<\/span><\/p>\n<p>Nous sommes implant\u00e9s \u00e0 Lyon et nous intervenons <strong>dans toute la France<\/strong>.<\/p>\n<\/div>\n<\/div>\n<\/div>\n<\/div>\n<\/div>\n<\/section>\n<section class=\"ps-block ps-block--paragraph js-in-view is-animated in-view\" data-scrollama-index=\"4\">\n<div class=\"ps-block__container\">\n<div class=\"ps-block__grid\">\n<div class=\"ps-block__content\">\n<div class=\"ps-block__body\">\n<div class=\"ps-block__item\">\n<p>\u00a0<\/p>\n<\/div>\n<\/div>\n<\/div>\n<\/div>\n<\/div>\n<\/section>\n","protected":false},"excerpt":{"rendered":"<p>Nous vous aidons \u00e0 propulser votre entreprise gr\u00e2ce \u00e0 vos donn\u00e9es ! Cabinet d\u2019experts en exploitation des donn\u00e9es, nous intervenons \u00e0 des moments cl\u00e9s de votre digitalisation, sur des projets innovants, disruptifs et cr\u00e9teurs de forte valeur ajout\u00e9e.Nos interventions sont expertes, rapides, cibl\u00e9es et au forfait \u00a0 \u00a0 Un seul objectif : vous accompagner Booster &hellip; <\/p>\n","protected":false},"author":1,"featured_media":0,"parent":0,"menu_order":0,"comment_status":"closed","ping_status":"closed","template":"","meta":{"pmpro_default_level":"","footnotes":""},"class_list":["post-534","page","type-page","status-publish","hentry","pmpro-has-access","latest_post"],"_links":{"self":[{"href":"https:\/\/socia-consulting.fr\/index.php?rest_route=\/wp\/v2\/pages\/534","targetHints":{"allow":["GET"]}}],"collection":[{"href":"https:\/\/socia-consulting.fr\/index.php?rest_route=\/wp\/v2\/pages"}],"about":[{"href":"https:\/\/socia-consulting.fr\/index.php?rest_route=\/wp\/v2\/types\/page"}],"author":[{"embeddable":true,"href":"https:\/\/socia-consulting.fr\/index.php?rest_route=\/wp\/v2\/users\/1"}],"replies":[{"embeddable":true,"href":"https:\/\/socia-consulting.fr\/index.php?rest_route=%2Fwp%2Fv2%2Fcomments&post=534"}],"version-history":[{"count":7,"href":"https:\/\/socia-consulting.fr\/index.php?rest_route=\/wp\/v2\/pages\/534\/revisions"}],"predecessor-version":[{"id":543,"href":"https:\/\/socia-consulting.fr\/index.php?rest_route=\/wp\/v2\/pages\/534\/revisions\/543"}],"wp:attachment":[{"href":"https:\/\/socia-consulting.fr\/index.php?rest_route=%2Fwp%2Fv2%2Fmedia&parent=534"}],"curies":[{"name":"wp","href":"https:\/\/api.w.org\/{rel}","templated":true}]}}