{"id":402,"date":"2023-03-27T22:42:28","date_gmt":"2023-03-27T20:42:28","guid":{"rendered":"https:\/\/socia-consulting.fr\/?page_id=402"},"modified":"2023-05-07T23:55:55","modified_gmt":"2023-05-07T21:55:55","slug":"audit-decisionnel","status":"publish","type":"page","link":"https:\/\/socia-consulting.fr\/?page_id=402","title":{"rendered":"Audit d\u00e9cisionnel"},"content":{"rendered":"\n<p><\/p>\n\n\n<blockquote>\n<p>Envie de faire \u00e9voluer vos outils de pilotage, de refondre vos tableaux de bord, de challenger vos choix technologiques et d&#8217;architecture des donn\u00e9es ?<br \/>Nous vous accompagnons dans la r\u00e9alisation de votre audit business intelligence.<\/p>\n<\/blockquote>\n<h4 class=\"ps-block__title\">Quelques raisons pour lancer un audit d\u00e9cisionnel \/ BI (Business Intelligence) :<\/h4>\n<h3>\u00a0<\/h3>\n<ul>\n<li>Vous passez trop de temps \u00e0 chercher l\u2019information pour pouvoir produire vos reportings<\/li>\n<li>Analyse critique de l\u2019usage de vos outils actuels par des experts en Business Intelligence en tenant compte de vos besoins, expertises et usages m\u00e9tier<\/li>\n<li>Vous savez qu\u2019il existe des opportunit\u00e9s technologiques (Qlik, PowerBI, Tableau \u2026) mais ne savez pas laquelle correspond \u00e0 vos besoins et laquelle choisir<\/li>\n<li>Vous vous posez des questions sur votre architecture d\u00e9cisionnelle actuelle<\/li>\n<\/ul>\n<p>Gr\u00e2ce \u00e0 une exp\u00e9rience \u00e9prouv\u00e9e dans le secteur m\u00e9dico-social, nos experts peuvent vous aider \u00e0 r\u00e9pondre \u00e0 vos questions et vous aider \u00e0 prendre les bonnes d\u00e9cisions !<\/p>\n<p>\u00a0<\/p>\n<h4>\u00a0<\/h4>\n<h4 class=\"ps-block__title\">\u00a0<\/h4>\n<h4 class=\"ps-block__title\"><img loading=\"lazy\" decoding=\"async\" class=\"alignright wp-image-457 \" src=\"https:\/\/socia-consulting.fr\/wp-content\/uploads\/2023\/04\/Audit-amico.png\" alt=\"\" width=\"466\" height=\"466\" srcset=\"https:\/\/socia-consulting.fr\/wp-content\/uploads\/2023\/04\/Audit-amico.png 2000w, https:\/\/socia-consulting.fr\/wp-content\/uploads\/2023\/04\/Audit-amico-300x300.png 300w, https:\/\/socia-consulting.fr\/wp-content\/uploads\/2023\/04\/Audit-amico-1024x1024.png 1024w, https:\/\/socia-consulting.fr\/wp-content\/uploads\/2023\/04\/Audit-amico-150x150.png 150w, https:\/\/socia-consulting.fr\/wp-content\/uploads\/2023\/04\/Audit-amico-768x768.png 768w, https:\/\/socia-consulting.fr\/wp-content\/uploads\/2023\/04\/Audit-amico-1536x1536.png 1536w, https:\/\/socia-consulting.fr\/wp-content\/uploads\/2023\/04\/Audit-amico-370x370.png 370w, https:\/\/socia-consulting.fr\/wp-content\/uploads\/2023\/04\/Audit-amico-60x60.png 60w\" sizes=\"auto, (max-width: 466px) 100vw, 466px\" \/><\/h4>\n<h4>\u00a0<\/h4>\n<h4>\u00a0<\/h4>\n<h4 class=\"ps-block__title\">La d\u00e9marche d\u2019Audit BI<\/h4>\n<p><strong>En seulement 3 ateliers<\/strong>, nous vous aidons \u00e0 :<\/p>\n<ul>\n<li>R\u00e9aliser un \u00e9tat des lieux (usages, process et gouvernance, organisation, outils, sources de donn\u00e9es)<\/li>\n<li>Projeter un ou plusieurs sc\u00e9narios d\u2019architectures des donn\u00e9es pour r\u00e9pondre \u00e0 vos besoins m\u00e9tier<\/li>\n<li>Formuler des recommandations d\u2019am\u00e9liorations<\/li>\n<li>D\u00e9finir un plan d\u2019action adapt\u00e9 \u00e0 votre besoin<br \/>\n<h4 class=\"ps-block__title\">\u00a0<\/h4>\n<h3>\u00a0<\/h3>\n<h4 class=\"ps-block__title\">\u00a0<\/h4>\n<\/li>\n<\/ul>\n<figure><\/figure>\n<figure><\/figure>\n<figure class=\"wp-caption alignleft\" style=\"width: 518px;\">\n<h3>\u00a0<\/h3>\n<p>\u00a0<\/p>\n<figcaption class=\"wp-caption-text\"><\/figcaption>\n<\/figure>\n<p>\u00a0<\/p>\n<h3>\u00a0<\/h3>\n<h4 class=\"ps-block__title\"><img loading=\"lazy\" decoding=\"async\" class=\"wp-image-459 alignright\" src=\"https:\/\/socia-consulting.fr\/wp-content\/uploads\/2023\/04\/Application-programming-interface-rafiki.png\" alt=\"\" width=\"515\" height=\"515\" srcset=\"https:\/\/socia-consulting.fr\/wp-content\/uploads\/2023\/04\/Application-programming-interface-rafiki.png 2000w, https:\/\/socia-consulting.fr\/wp-content\/uploads\/2023\/04\/Application-programming-interface-rafiki-300x300.png 300w, https:\/\/socia-consulting.fr\/wp-content\/uploads\/2023\/04\/Application-programming-interface-rafiki-1024x1024.png 1024w, https:\/\/socia-consulting.fr\/wp-content\/uploads\/2023\/04\/Application-programming-interface-rafiki-150x150.png 150w, https:\/\/socia-consulting.fr\/wp-content\/uploads\/2023\/04\/Application-programming-interface-rafiki-768x768.png 768w, https:\/\/socia-consulting.fr\/wp-content\/uploads\/2023\/04\/Application-programming-interface-rafiki-1536x1536.png 1536w, https:\/\/socia-consulting.fr\/wp-content\/uploads\/2023\/04\/Application-programming-interface-rafiki-370x370.png 370w, https:\/\/socia-consulting.fr\/wp-content\/uploads\/2023\/04\/Application-programming-interface-rafiki-60x60.png 60w\" sizes=\"auto, (max-width: 515px) 100vw, 515px\" \/><\/h4>\n<h4>\u00a0<\/h4>\n<h4 class=\"ps-block__title\">L\u2019architecture d\u00e9cisionnelle<\/h4>\n<p>Une architecture d\u00e9cisionnelle efficace est une architecture qui permet de :<\/p>\n<ul>\n<li><span style=\"color: initial;\">Centraliser les donn\u00e9es utiles dans un entrep\u00f4t pour faciliter les analyses en utilisant des donn\u00e9es crois\u00e9es<\/span><\/li>\n<li>Assurer la qualit\u00e9 et l\u2019historisation de vos donn\u00e9es<br \/>P\u00e9renniser le reporting (sans qu\u2019il n\u2019y ait de modifications \u00e0 effectuer r\u00e9guli\u00e8rement dessus)<\/li>\n<li>Rendre les utilisateurs consommateurs de la data autonomes dans la construction des rapports et analyses et aider \u00e0 la r\u00e9alisation d\u2019analyses plus pouss\u00e9es<\/li>\n<\/ul>\n<p>Nous vous aidons \u00e0 mettre en place l\u2019architecture qui vous convient !<\/p>\n<p>\u00a0<\/p>\n<figure class=\"wp-caption alignleft\">\n<figcaption class=\"wp-caption-text\"><\/figcaption>\n<\/figure>\n<h3>\u00a0<\/h3>\n<h4 class=\"ps-block__title\"><img loading=\"lazy\" decoding=\"async\" class=\"wp-image-462  alignright\" src=\"https:\/\/socia-consulting.fr\/wp-content\/uploads\/2023\/04\/Data-extraction-bro.png\" alt=\"\" width=\"554\" height=\"554\" srcset=\"https:\/\/socia-consulting.fr\/wp-content\/uploads\/2023\/04\/Data-extraction-bro.png 2000w, https:\/\/socia-consulting.fr\/wp-content\/uploads\/2023\/04\/Data-extraction-bro-300x300.png 300w, https:\/\/socia-consulting.fr\/wp-content\/uploads\/2023\/04\/Data-extraction-bro-1024x1024.png 1024w, https:\/\/socia-consulting.fr\/wp-content\/uploads\/2023\/04\/Data-extraction-bro-150x150.png 150w, https:\/\/socia-consulting.fr\/wp-content\/uploads\/2023\/04\/Data-extraction-bro-768x768.png 768w, https:\/\/socia-consulting.fr\/wp-content\/uploads\/2023\/04\/Data-extraction-bro-1536x1536.png 1536w, https:\/\/socia-consulting.fr\/wp-content\/uploads\/2023\/04\/Data-extraction-bro-370x370.png 370w, https:\/\/socia-consulting.fr\/wp-content\/uploads\/2023\/04\/Data-extraction-bro-60x60.png 60w\" sizes=\"auto, (max-width: 554px) 100vw, 554px\" \/><\/h4>\n<h4>\u00a0<\/h4>\n<h4>\u00a0<\/h4>\n<h4 class=\"ps-block__title\">Choix technologiques<\/h4>\n<p>Au travers de cet audit, nous vous aiderons \u00e0 passer en revue tous les sujets structurants vous permettant de faire les bons choix technologiques :<\/p>\n<ul>\n<li>H\u00e9bergement<\/li>\n<li>Entrep\u00f4t \/ Stockage des donn\u00e9es<\/li>\n<li>Outil de visualisation des donn\u00e9es \/ d\u00e9cisionnel<\/li>\n<li>Stockage Data NoSQL<\/li>\n<li>ETL &amp; API, Data Science, etc.<\/li>\n<\/ul>\n<p>\u00a0<\/p>\n<p>\u00a0<\/p>\n<p>\u00a0<\/p>","protected":false},"excerpt":{"rendered":"<p>Envie de faire \u00e9voluer vos outils de pilotage, de refondre vos tableaux de bord, de challenger vos choix technologiques et d&#8217;architecture des donn\u00e9es ?Nous vous accompagnons dans la r\u00e9alisation de votre audit business intelligence. Quelques raisons pour lancer un audit d\u00e9cisionnel \/ BI (Business Intelligence) : \u00a0 Vous passez trop de temps \u00e0 chercher l\u2019information &hellip; <\/p>\n","protected":false},"author":1,"featured_media":0,"parent":0,"menu_order":0,"comment_status":"closed","ping_status":"closed","template":"","meta":{"pmpro_default_level":"","footnotes":""},"class_list":["post-402","page","type-page","status-publish","hentry","pmpro-has-access","latest_post"],"_links":{"self":[{"href":"https:\/\/socia-consulting.fr\/index.php?rest_route=\/wp\/v2\/pages\/402","targetHints":{"allow":["GET"]}}],"collection":[{"href":"https:\/\/socia-consulting.fr\/index.php?rest_route=\/wp\/v2\/pages"}],"about":[{"href":"https:\/\/socia-consulting.fr\/index.php?rest_route=\/wp\/v2\/types\/page"}],"author":[{"embeddable":true,"href":"https:\/\/socia-consulting.fr\/index.php?rest_route=\/wp\/v2\/users\/1"}],"replies":[{"embeddable":true,"href":"https:\/\/socia-consulting.fr\/index.php?rest_route=%2Fwp%2Fv2%2Fcomments&post=402"}],"version-history":[{"count":23,"href":"https:\/\/socia-consulting.fr\/index.php?rest_route=\/wp\/v2\/pages\/402\/revisions"}],"predecessor-version":[{"id":546,"href":"https:\/\/socia-consulting.fr\/index.php?rest_route=\/wp\/v2\/pages\/402\/revisions\/546"}],"wp:attachment":[{"href":"https:\/\/socia-consulting.fr\/index.php?rest_route=%2Fwp%2Fv2%2Fmedia&parent=402"}],"curies":[{"name":"wp","href":"https:\/\/api.w.org\/{rel}","templated":true}]}}